{"id":1280,"date":"2025-03-03T14:58:01","date_gmt":"2025-03-03T13:58:01","guid":{"rendered":"http:\/\/apartmanyhajovna.cz\/?page_id=1280"},"modified":"2025-04-14T13:29:56","modified_gmt":"2025-04-14T11:29:56","slug":"informationen-zur-verarbeitung-personenbezogener-daten","status":"publish","type":"page","link":"https:\/\/apartmanyhajovna.cz\/de\/informationen-zur-verarbeitung-personenbezogener-daten\/","title":{"rendered":"Informationen zur Verarbeitung personenbezogener Daten"},"content":{"rendered":"<div class=\"fusion-fullwidth fullwidth-box fusion-builder-row-1 fusion-flex-container nonhundred-percent-fullwidth non-hundred-percent-height-scrolling\" style=\"--awb-border-radius-top-left:0px;--awb-border-radius-top-right:0px;--awb-border-radius-bottom-right:0px;--awb-border-radius-bottom-left:0px;--awb-flex-wrap:wrap;\" ><div class=\"fusion-builder-row fusion-row fusion-flex-align-items-flex-start fusion-flex-content-wrap\" style=\"max-width:1456px;margin-left: calc(-4% \/ 2 );margin-right: calc(-4% \/ 2 );\"><div class=\"fusion-layout-column fusion_builder_column fusion-builder-column-0 fusion_builder_column_1_1 1_1 fusion-flex-column\" style=\"--awb-bg-size:cover;--awb-width-large:100%;--awb-margin-top-large:0px;--awb-spacing-right-large:1.92%;--awb-margin-bottom-large:0px;--awb-spacing-left-large:1.92%;--awb-width-medium:100%;--awb-spacing-right-medium:1.92%;--awb-spacing-left-medium:1.92%;--awb-width-small:100%;--awb-spacing-right-small:1.92%;--awb-spacing-left-small:1.92%;\"><div class=\"fusion-column-wrapper fusion-flex-justify-content-flex-start fusion-content-layout-column\"><div class=\"fusion-text fusion-text-1\"><p><strong>I. Verantwortlicher und betroffene Person, Quelle der personenbezogenen Daten<\/strong><\/p>\n<p>Der Betrieb \u201eApartm\u00e1ny H\u00e1jovna\u201c, Nov\u00e9 Domky 14, 382&nbsp;76 Lou\u010dovice, Gesellschaft <strong>Bones s.r.o.<\/strong>, mit der Firmen-ID: 279&nbsp;36&nbsp;333, Sitz in Radiov\u00e1 1285\/7, Hostiva\u0159 120&nbsp;00 Praha 10, eingetragen im Handelsregister des Stadtgerichts in Prag, Abteilung C, Aktenzeichen 127723 (nachfolgend \u201edas Unternehmen\u201c), verarbeitet im Zusammenhang mit den angebotenen Dienstleistungen personenbezogene Daten von Kunden und Interessenten (nachfolgend gemeinsam als \u201eKunden\u201c bezeichnet).<\/p>\n<p>Das Unternehmen stellt den Kunden hiermit Informationen gem\u00e4\u00df der Verordnung (EU) 2016\/679 des Europ\u00e4ischen Parlaments und des Rates vom 27. April 2016 zum Schutz nat\u00fcrlicher Personen bei der Verarbeitung personenbezogener Daten und zum freien Verkehr dieser Daten sowie zur Aufhebung der Richtlinie 96\/46\/EG (nachfolgend \u201eVerordnung\u201c) sowie gem\u00e4\u00df dem Gesetz Nr. 110\/2019 Slg., Gesetz zum Schutz personenbezogener Daten, in der ge\u00e4nderten Fassung (nachfolgend \u201eGesetz\u201c) zur Verf\u00fcgung.<\/p>\n<p>Das Unternehmen ist im Sinne der allgemeinen Datenschutzverordnung der f\u00fcr die Verarbeitung personenbezogener Daten des Kunden, seiner Mitarbeiter oder anderweitig kooperierender Personen Verantwortliche, und der Kunde sowie diese Personen sind die betroffenen Personen. Das Unternehmen verarbeitet personenbezogene Daten der Kunden, die \u00fcberwiegend von den Kunden selbst erhoben werden. Wenn n\u00f6tig, verarbeitet das Unternehmen auch personenbezogene Daten der Kunden, die aus \u00f6ffentlich zug\u00e4nglichen Quellen (z. B. dem Register der Wirtschaftseinheiten, Handelsregister, Gewerberegister, Insolvenzregister und andere) stammen.<\/p>\n<p><strong>II. Kategorien der verarbeiteten personenbezogenen Daten<\/strong><\/p>\n<p>Das Unternehmen verarbeitet die folgenden Kategorien personenbezogener Daten:<\/p>\n<ul>\n<li>Identifikations- und Kontaktdaten des Kunden, insbesondere Name, Vorname, Geburtsdatum, Geburtsnummer, Identifikationsnummer, Steuernummer,<\/li>\n<li>Identifikationsdaten, die im Handels- oder anderen Register eingetragen sind, Wohnadresse oder Sitzadresse, Personalausweisnummer,<\/li>\n<li>Reisepassnummer, E-Mail-Adresse, Telefonnummer.<\/li>\n<li>Daten zu allen dem Kunden erbrachten Dienstleistungen, Daten aus der telefonischen Kommunikation, E-Mail-Kommunikation, Chat und SMS.<\/li>\n<li>Aufzeichnungen aus dem \u00dcberwachungssystem des Unternehmens.<\/li>\n<li>Transaktionsdaten zwischen dem Unternehmen und dem Kunden, Bankverbindungsdaten des Kunden, Zahlungsdaten.<\/li>\n<\/ul>\n<p><strong>III. Zwecke und rechtliche Grundlage der Datenverarbeitung<\/strong><\/p>\n<p>Das Unternehmen verarbeitet die personenbezogenen Daten des Kunden zu folgenden Zwecken und auf folgenden rechtlichen Grundlagen:<\/p>\n<ul>\n<li>Die Verarbeitung ist erforderlich zur Erf\u00fcllung eines Vertrages zwischen dem Unternehmen und dem Kunden sowie zur Durchf\u00fchrung von Ma\u00dfnahmen, die vor dem Vertragsabschluss auf Anfrage des Kunden getroffen werden.<\/li>\n<li>Die Verarbeitung ist erforderlich, um rechtlichen Verpflichtungen nachzukommen, die das Unternehmen betreffen. Das Unternehmen hat auch Verpflichtungen gegen\u00fcber staatlichen und kommunalen Beh\u00f6rden gem\u00e4\u00df den rechtlichen Bestimmungen, z. B. \u00a7 101 des Gesetzes Nr. 326\/1999 Slg., \u00fcber den Aufenthalt von Ausl\u00e4ndern in der Tschechischen Republik, und dem Gesetz Nr. 565\/1990 Slg., \u00fcber kommunale Geb\u00fchren.<\/li>\n<li>Das Unternehmen hat Vorsorgepflichten und Pflichten zur Sicherung von Eigentumsrechten, die durch das \u00dcberwachungssystem wahrgenommen werden. Die Verarbeitung ist erforderlich, um berechtigte Interessen des Unternehmens zu wahren. Das berechtigte Interesse des Unternehmens kann die<\/li>\n<li>Geltendmachung von Rechten aus dem Vertrag zwischen dem Unternehmen und dem Kunden sein. Ebenso kann das berechtigte Interesse die Versendung von gesch\u00e4ftlichen Mitteilungen oder anderen Mitteilungen an den Kunden im Zusammenhang mit den erbrachten Dienstleistungen umfassen. Das berechtigte Interesse kann auch die Sicherung von Eigentum und anderen Rechten durch das \u00dcberwachungssystem des Unternehmens sein.<\/li>\n<\/ul>\n<p><strong>IV. Rechtliche Grundlage der Bereitstellung personenbezogener Daten, Folgen der Nichtbereitstellung<\/strong><\/p>\n<p>Die Bereitstellung der oben genannten personenbezogenen Daten durch den Kunden und deren Verarbeitung durch das Unternehmen ist eine gesetzliche Anforderung, und der Kunde ist verpflichtet, diese Daten bereitzustellen. Eine Einwilligung des Kunden ist f\u00fcr die Verarbeitung der genannten personenbezogenen Daten zu den angegebenen Zwecken nicht erforderlich. Falls der Kunde personenbezogene Daten vor dem Vertragsabschluss oder w\u00e4hrend des Vertragszeitraums nicht bereitstellt, w\u00e4re eine eindeutige Identifizierung des Kunden zur Erf\u00fcllung der Rechte und Pflichten des Unternehmens aus dem Vertrag und den gesetzlichen Bestimmungen nicht m\u00f6glich. Das Nichtbereitstellen dieser Daten w\u00fcrde die Durchf\u00fchrung der Dienstleistung und die Bereitstellung der verlangten Leistung im vorgesehenen Umfang verhindern.<\/p>\n<p>Der Zweck des \u00dcberwachungssystems ist der Schutz des Eigentums des Unternehmens sowie des Eigentums von Mitarbeitern, Kunden und Lieferanten. Das \u00dcberwachungssystem dient als Pr\u00e4vention gegen strafbare und anderweitig sch\u00e4dliche Aktivit\u00e4ten Dritter und zur m\u00f6glichen Beweissicherung dieser Aktivit\u00e4ten. Die Erfassung personenbezogener Daten durch das \u00dcberwachungssystem ist eine gesetzliche Anforderung. Das \u00dcberwachungssystem dient nicht prim\u00e4r der \u00dcberwachung von T\u00e4tigkeiten und Bewegungen von Personen, noch der regelm\u00e4\u00dfigen Verarbeitung oder Auswertung dieser und ist nicht in Bereichen installiert, in denen das Privatleben der Personen gesch\u00fctzt werden muss.<\/p>\n<p><strong>V. Empf\u00e4nger personenbezogener Daten<\/strong><\/p>\n<p>Das Unternehmen gibt die personenbezogenen Daten des Kunden an Empf\u00e4nger und Dritte weiter, darunter \u00f6ffentliche Beh\u00f6rden, nat\u00fcrliche oder juristische Personen (insbesondere Personen, die dem Unternehmen Buchhaltungsdienste, IT-Dienste oder Datenspeicherungsdienste bereitstellen), Agenturen oder andere Subjekte. Das Unternehmen gibt die Daten ohne die Zustimmung des Kunden nur im Zusammenhang mit den oben genannten Zwecken der Datenverarbeitung und den genannten Gr\u00fcnden weiter. Jede andere Weitergabe personenbezogener Daten des Kunden an andere Empf\u00e4nger zu anderen als den gesetzlichen Zwecken ist nur mit ausdr\u00fccklicher Zustimmung des Kunden m\u00f6glich.<\/p>\n<p><strong>VI. Rechte des Kunden<\/strong><\/p>\n<p>Der Kunde hat das Recht, vom Unternehmen Auskunft \u00fcber die ihn betreffenden personenbezogenen Daten zu verlangen, deren Berichtigung oder L\u00f6schung zu beantragen oder die Verarbeitung einzuschr\u00e4nken und Widerspruch gegen die Verarbeitung einzulegen, sofern dadurch nicht die Aus\u00fcbung der Rechte und Pflichten aus dem Vertrag zwischen dem Unternehmen und dem Kunden oder aus gesetzlichen Bestimmungen gef\u00e4hrdet oder verhindert wird. Der Kunde hat das Recht, eine Beschwerde bei der Aufsichtsbeh\u00f6rde einzureichen, die in der Tschechischen Republik das Amt f\u00fcr den Schutz personenbezogener Daten ist.<\/p>\n<p><strong>VII. Aufbewahrung personenbezogener Daten<\/strong><\/p>\n<p>Die personenbezogenen Daten des Kunden, mit Ausnahme der Aufzeichnungen aus dem \u00dcberwachungssystem, werden w\u00e4hrend der Dauer der vertraglichen Beziehung zwischen dem Unternehmen und dem Kunden und nach Beendigung der vertraglichen Beziehung f\u00fcr die Dauer der berechtigten Interessen des Unternehmens aufbewahrt. In anderen F\u00e4llen werden personenbezogene Daten f\u00fcr die Dauer der Archivierung nach besonderen gesetzlichen Bestimmungen, insbesondere dem Archivgesetz, aufbewahrt. Aufzeichnungen aus dem \u00dcberwachungssystem werden f\u00fcr einen kurzen Zeitraum aufbewahrt, der f\u00fcr die Feststellung eines m\u00f6glichen Schadens am Eigentum des Unternehmens oder einer anderen Rechtsverletzung erforderlich ist.<\/p>\n<p>Die Identit\u00e4t des Verantwortlichen stimmt mit den oben genannten Angaben \u00fcberein. Die Kontaktdaten des Verantwortlichen sind auf der Website verf\u00fcgbar.<\/p>\n<\/div><\/div><\/div><\/div><\/div>\n","protected":false},"excerpt":{"rendered":"","protected":false},"author":1,"featured_media":0,"parent":0,"menu_order":0,"comment_status":"closed","ping_status":"closed","template":"100-width.php","meta":{"footnotes":""},"class_list":["post-1280","page","type-page","status-publish","hentry"],"yoast_head":"<!-- This site is optimized with the Yoast SEO plugin v26.6 - https:\/\/yoast.com\/wordpress\/plugins\/seo\/ -->\n<title>Informationen zur Verarbeitung personenbezogener Daten - Apartm\u00e1ny H\u00c1JOVNA<\/title>\n<meta name=\"robots\" content=\"index, follow, max-snippet:-1, max-image-preview:large, max-video-preview:-1\" \/>\n<link rel=\"canonical\" href=\"https:\/\/apartmanyhajovna.cz\/de\/informationen-zur-verarbeitung-personenbezogener-daten\/\" \/>\n<meta property=\"og:locale\" content=\"de_DE\" \/>\n<meta property=\"og:type\" content=\"article\" \/>\n<meta property=\"og:title\" content=\"Informationen zur Verarbeitung personenbezogener Daten - Apartm\u00e1ny H\u00c1JOVNA\" \/>\n<meta property=\"og:url\" content=\"https:\/\/apartmanyhajovna.cz\/de\/informationen-zur-verarbeitung-personenbezogener-daten\/\" \/>\n<meta property=\"og:site_name\" content=\"Apartm\u00e1ny H\u00c1JOVNA\" \/>\n<meta property=\"article:modified_time\" content=\"2025-04-14T11:29:56+00:00\" \/>\n<meta name=\"twitter:card\" content=\"summary_large_image\" \/>\n<meta name=\"twitter:label1\" content=\"Gesch\u00e4tzte Lesezeit\" \/>\n\t<meta name=\"twitter:data1\" content=\"6\u00a0Minuten\" \/>\n<script type=\"application\/ld+json\" class=\"yoast-schema-graph\">{\"@context\":\"https:\/\/schema.org\",\"@graph\":[{\"@type\":\"WebPage\",\"@id\":\"https:\/\/apartmanyhajovna.cz\/de\/informationen-zur-verarbeitung-personenbezogener-daten\/\",\"url\":\"https:\/\/apartmanyhajovna.cz\/de\/informationen-zur-verarbeitung-personenbezogener-daten\/\",\"name\":\"Informationen zur Verarbeitung personenbezogener Daten - Apartm\u00e1ny H\u00c1JOVNA\",\"isPartOf\":{\"@id\":\"https:\/\/apartmanyhajovna.cz\/de\/#website\"},\"datePublished\":\"2025-03-03T13:58:01+00:00\",\"dateModified\":\"2025-04-14T11:29:56+00:00\",\"breadcrumb\":{\"@id\":\"https:\/\/apartmanyhajovna.cz\/de\/informationen-zur-verarbeitung-personenbezogener-daten\/#breadcrumb\"},\"inLanguage\":\"de\",\"potentialAction\":[{\"@type\":\"ReadAction\",\"target\":[\"https:\/\/apartmanyhajovna.cz\/de\/informationen-zur-verarbeitung-personenbezogener-daten\/\"]}]},{\"@type\":\"BreadcrumbList\",\"@id\":\"https:\/\/apartmanyhajovna.cz\/de\/informationen-zur-verarbeitung-personenbezogener-daten\/#breadcrumb\",\"itemListElement\":[{\"@type\":\"ListItem\",\"position\":1,\"name\":\"Home\",\"item\":\"https:\/\/apartmanyhajovna.cz\/de\/\"},{\"@type\":\"ListItem\",\"position\":2,\"name\":\"Informationen zur Verarbeitung personenbezogener Daten\"}]},{\"@type\":\"WebSite\",\"@id\":\"https:\/\/apartmanyhajovna.cz\/de\/#website\",\"url\":\"https:\/\/apartmanyhajovna.cz\/de\/\",\"name\":\"Apartm\u00e1ny H\u00c1JOVNA\",\"description\":\"v klidn\u00e9 a \u010dist\u00e9 p\u0159\u00edrod\u011b u lipensk\u00e9ho jezera\",\"potentialAction\":[{\"@type\":\"SearchAction\",\"target\":{\"@type\":\"EntryPoint\",\"urlTemplate\":\"https:\/\/apartmanyhajovna.cz\/de\/?s={search_term_string}\"},\"query-input\":{\"@type\":\"PropertyValueSpecification\",\"valueRequired\":true,\"valueName\":\"search_term_string\"}}],\"inLanguage\":\"de\"}]}<\/script>\n<!-- \/ Yoast SEO plugin. -->","yoast_head_json":{"title":"Informationen zur Verarbeitung personenbezogener Daten - Apartm\u00e1ny H\u00c1JOVNA","robots":{"index":"index","follow":"follow","max-snippet":"max-snippet:-1","max-image-preview":"max-image-preview:large","max-video-preview":"max-video-preview:-1"},"canonical":"https:\/\/apartmanyhajovna.cz\/de\/informationen-zur-verarbeitung-personenbezogener-daten\/","og_locale":"de_DE","og_type":"article","og_title":"Informationen zur Verarbeitung personenbezogener Daten - Apartm\u00e1ny H\u00c1JOVNA","og_url":"https:\/\/apartmanyhajovna.cz\/de\/informationen-zur-verarbeitung-personenbezogener-daten\/","og_site_name":"Apartm\u00e1ny H\u00c1JOVNA","article_modified_time":"2025-04-14T11:29:56+00:00","twitter_card":"summary_large_image","twitter_misc":{"Gesch\u00e4tzte Lesezeit":"6\u00a0Minuten"},"schema":{"@context":"https:\/\/schema.org","@graph":[{"@type":"WebPage","@id":"https:\/\/apartmanyhajovna.cz\/de\/informationen-zur-verarbeitung-personenbezogener-daten\/","url":"https:\/\/apartmanyhajovna.cz\/de\/informationen-zur-verarbeitung-personenbezogener-daten\/","name":"Informationen zur Verarbeitung personenbezogener Daten - Apartm\u00e1ny H\u00c1JOVNA","isPartOf":{"@id":"https:\/\/apartmanyhajovna.cz\/de\/#website"},"datePublished":"2025-03-03T13:58:01+00:00","dateModified":"2025-04-14T11:29:56+00:00","breadcrumb":{"@id":"https:\/\/apartmanyhajovna.cz\/de\/informationen-zur-verarbeitung-personenbezogener-daten\/#breadcrumb"},"inLanguage":"de","potentialAction":[{"@type":"ReadAction","target":["https:\/\/apartmanyhajovna.cz\/de\/informationen-zur-verarbeitung-personenbezogener-daten\/"]}]},{"@type":"BreadcrumbList","@id":"https:\/\/apartmanyhajovna.cz\/de\/informationen-zur-verarbeitung-personenbezogener-daten\/#breadcrumb","itemListElement":[{"@type":"ListItem","position":1,"name":"Home","item":"https:\/\/apartmanyhajovna.cz\/de\/"},{"@type":"ListItem","position":2,"name":"Informationen zur Verarbeitung personenbezogener Daten"}]},{"@type":"WebSite","@id":"https:\/\/apartmanyhajovna.cz\/de\/#website","url":"https:\/\/apartmanyhajovna.cz\/de\/","name":"Apartm\u00e1ny H\u00c1JOVNA","description":"v klidn\u00e9 a \u010dist\u00e9 p\u0159\u00edrod\u011b u lipensk\u00e9ho jezera","potentialAction":[{"@type":"SearchAction","target":{"@type":"EntryPoint","urlTemplate":"https:\/\/apartmanyhajovna.cz\/de\/?s={search_term_string}"},"query-input":{"@type":"PropertyValueSpecification","valueRequired":true,"valueName":"search_term_string"}}],"inLanguage":"de"}]}},"_links":{"self":[{"href":"https:\/\/apartmanyhajovna.cz\/de\/wp-json\/wp\/v2\/pages\/1280","targetHints":{"allow":["GET"]}}],"collection":[{"href":"https:\/\/apartmanyhajovna.cz\/de\/wp-json\/wp\/v2\/pages"}],"about":[{"href":"https:\/\/apartmanyhajovna.cz\/de\/wp-json\/wp\/v2\/types\/page"}],"author":[{"embeddable":true,"href":"https:\/\/apartmanyhajovna.cz\/de\/wp-json\/wp\/v2\/users\/1"}],"replies":[{"embeddable":true,"href":"https:\/\/apartmanyhajovna.cz\/de\/wp-json\/wp\/v2\/comments?post=1280"}],"version-history":[{"count":4,"href":"https:\/\/apartmanyhajovna.cz\/de\/wp-json\/wp\/v2\/pages\/1280\/revisions"}],"predecessor-version":[{"id":1394,"href":"https:\/\/apartmanyhajovna.cz\/de\/wp-json\/wp\/v2\/pages\/1280\/revisions\/1394"}],"wp:attachment":[{"href":"https:\/\/apartmanyhajovna.cz\/de\/wp-json\/wp\/v2\/media?parent=1280"}],"curies":[{"name":"wp","href":"https:\/\/api.w.org\/{rel}","templated":true}]}}