{"id":1284,"date":"2025-03-03T15:06:48","date_gmt":"2025-03-03T14:06:48","guid":{"rendered":"http:\/\/apartmanyhajovna.cz\/?page_id=1284"},"modified":"2025-04-14T07:20:32","modified_gmt":"2025-04-14T05:20:32","slug":"unterkunftsordnung","status":"publish","type":"page","link":"https:\/\/apartmanyhajovna.cz\/de\/unterkunftsordnung\/","title":{"rendered":"Unterkunftsordnung"},"content":{"rendered":"<div class=\"fusion-fullwidth fullwidth-box fusion-builder-row-1 fusion-flex-container nonhundred-percent-fullwidth non-hundred-percent-height-scrolling\" style=\"--awb-border-radius-top-left:0px;--awb-border-radius-top-right:0px;--awb-border-radius-bottom-right:0px;--awb-border-radius-bottom-left:0px;--awb-flex-wrap:wrap;\" ><div class=\"fusion-builder-row fusion-row fusion-flex-align-items-flex-start fusion-flex-content-wrap\" style=\"max-width:1456px;margin-left: calc(-4% \/ 2 );margin-right: calc(-4% \/ 2 );\"><div class=\"fusion-layout-column fusion_builder_column fusion-builder-column-0 fusion_builder_column_1_1 1_1 fusion-flex-column\" style=\"--awb-bg-size:cover;--awb-width-large:100%;--awb-margin-top-large:0px;--awb-spacing-right-large:1.92%;--awb-margin-bottom-large:0px;--awb-spacing-left-large:1.92%;--awb-width-medium:100%;--awb-spacing-right-medium:1.92%;--awb-spacing-left-medium:1.92%;--awb-width-small:100%;--awb-spacing-right-small:1.92%;--awb-spacing-left-small:1.92%;\"><div class=\"fusion-column-wrapper fusion-flex-justify-content-flex-start fusion-content-layout-column\"><div class=\"fusion-text fusion-text-1\"><p><strong>Betrieb \u201eApartm\u00e1ny H\u00c1JOVNA\u201c, Nov\u00e9 Domky 14, 382&nbsp;76 Lou\u010dovice,<\/strong><br \/>\nFirma Bones s.r.o., I\u010cO: 279&nbsp;36&nbsp;333<\/p>\n<ol>\n<li>Die Bestimmungen dieser Unterkunftsordnung sind von jedem Gast, der in den Apartm\u00e1ny H\u00c1JOVNA untergebracht ist, einzuhalten. Mit der Entgegennahme des Schl\u00fcssels zum Apartment erkl\u00e4rt der Gast seine Zustimmung zu dieser Ordnung und verpflichtet sich, diese zu befolgen.<\/li>\n<li>Der Gast kann die Apartm\u00e1ny H\u00c1JOVNA f\u00fcr den Zeitraum nutzen, der ordnungsgem\u00e4\u00df im Voraus vereinbart und bezahlt wurde.<\/li>\n<li>Die Unterkunftseinrichtung kann nur den Gast unterbringen, der ordnungsgem\u00e4\u00df angemeldet wurde. Es gilt ein Verbot des Aufenthalts von nicht angemeldeten Personen. Der Gast muss beim Einchecken die Dokumente vorlegen, die f\u00fcr die Anmeldung im Unterkunftsbuch erforderlich sind (Personalausweis, Reisepass oder ein anderes Reisedokument). Die Unterkunftseinrichtung ist gem\u00e4\u00df \u00a7 5, 10\u201316 des Gesetzes Nr. 110\/2019 Slg. (Gesetz \u00fcber die Verarbeitung personenbezogener Daten) der Verwalter personenbezogener Daten und muss bei deren Verarbeitung die Pflichten nach \u00a7\u00a7 5, 10\u201316 des Gesetzes Nr. 110\/2019 Slg. \u00fcber den Schutz personenbezogener Daten und \u00fcber die \u00c4nderung einiger Gesetze in der ge\u00e4nderten Fassung erf\u00fcllen. <strong>Besuche von Fremden sind nur mit Zustimmung des Betreibers erlaubt.<\/strong><\/li>\n<li>Aufgrund der Reservierung wird dem Gast eine Unterkunft zugewiesen.<\/li>\n<\/ol>\n<p><strong>Check-in<\/strong> 16:00 \u2013 20:00 (sp\u00e4tere Ankunft muss im Voraus vereinbart werden)<br \/>\n<strong>Check-out<\/strong> bis 10:00<\/p>\n<ol start=\"5\">\n<li>Der Gast ist verpflichtet, f\u00fcr die Unterkunft und Dienstleistungen die Preise gem\u00e4\u00df dem g\u00fcltigen Preistarif des Unterkunftsbetreibers zu zahlen. Bei der Reservierung kann der Unterkunftsbetreiber eine Anzahlung verlangen. Im Falle einer Stornierung der Reservierung durch den Gast ist der Unterkunftsgeber berechtigt, Stornogeb\u00fchren zu verlangen, die auf der Quelle der Reservierung des Gastes basieren (z.B. www.apartmany-hajovna.cz, www.booking.com).<\/li>\n<li><strong>In allen Innenr\u00e4umen der Apartm\u00e1ny H\u00c1JOVNA ist das Rauchen und das Entz\u00fcnden von Feuer strengstens verboten.<\/strong> Ausgenommen sind die Kachel\u00f6fen (Apartment Nr. 1 Lipov\u00e1 und Apartment Nr. 3 Dob\u0159\u00edn) \u2013 der Gast ist f\u00fcr deren sicheren Betrieb verantwortlich. Es ist verboten, in diesen \u00d6fen irgendwelche Abf\u00e4lle zu verbrennen, zum Heizen ist nur das vorbereitete Holz bestimmt.<\/li>\n<li>Um die Sauberkeit zu erhalten, bitten wir die G\u00e4ste, beim Betreten des Geb\u00e4udes ihre Schuhe gr\u00fcndlich zu reinigen und anschlie\u00dfend Hausschuhe in den Apartments zu verwenden. <strong>Es ist nicht erlaubt, mit schmutzigen Schuhen oder Skischuhen im Geb\u00e4ude zu laufen.<\/strong><\/li>\n<li>Es ist verboten, Abf\u00e4lle au\u00dferhalb der vorgesehenen Pl\u00e4tze zu entsorgen oder die Umgebung anderweitig zu verschmutzen. Im gesamten Geb\u00e4ude ist Sauberkeit und Ordnung zu wahren.<\/li>\n<li>Der Betreiber der Apartm\u00e1ny H\u00c1JOVNA haftet nicht f\u00fcr Verlust oder Sch\u00e4den am Eigentum des Gastes, einschlie\u00dflich geparkter Fahrzeuge, noch f\u00fcr Sachen, die darin hinterlassen wurden. Ebenso \u00fcbernimmt er keine Verantwortung f\u00fcr die Gegenst\u00e4nde, die G\u00e4ste in die Unterkunftseinrichtung mitgebracht haben, oder f\u00fcr Sch\u00e4den an pers\u00f6nlichen Gegenst\u00e4nden, einschlie\u00dflich Schmuck, Geld und anderen Wertsachen.<\/li>\n<li>Der untergebrachte Gast ist berechtigt, die f\u00fcr die Unterkunft vorgesehenen R\u00e4ume zu nutzen. Ohne die Zustimmung des Betreibers darf der Gast keine M\u00f6bel umstellen, Reparaturen durchf\u00fchren oder Eingriffe in das elektrische Netz oder andere Installationen im oder am Geb\u00e4ude vornehmen.<\/li>\n<li>In den Apartm\u00e1ny H\u00c1JOVNA darf der Gast mitgebrachte elektrische Ger\u00e4te <strong>nur f\u00fcr die pers\u00f6nliche Hygiene<\/strong> (Rasierapparat, etc.), einen pers\u00f6nlichen Computer oder Ladeger\u00e4te f\u00fcr Mobiltelefone verwenden. <strong>Es ist NICHT ERLAUBT, eigene K\u00fcchenger\u00e4te zu verwenden.<\/strong> Zum Trocknen von W\u00e4sche sind mobile W\u00e4schetrockner oder Handtuchheizk\u00f6rper im Badezimmer vorgesehen.<\/li>\n<li>Es ist notwendig, mit Wasser sparsam umzugehen, um eine Ersch\u00f6pfung der nat\u00fcrlichen Wasserquelle zu vermeiden.<\/li>\n<li>Der Gast haftet f\u00fcr eventuelle Sch\u00e4den an den Einrichtungen und dem Eigentum des Unterkunftsbetreibers und ist verpflichtet, diese Sch\u00e4den in voller H\u00f6he zu ersetzen.<\/li>\n<li><strong>Der Gast ist verpflichtet, bei jedem Verlassen des Apartments das Apartment und die Hauptt\u00fcr abzuschlie\u00dfen, das Licht auszuschalten, elektrische oder gasbetriebene Ger\u00e4te auszuschalten, Wasserh\u00e4hne zu schlie\u00dfen und den Fernseher auszuschalten<\/strong>. Bei der Abreise ist der Gast verpflichtet, die Schl\u00fcssel an die verantwortliche Person abzugeben. Im Falle des Verlusts von Schl\u00fcsseln muss der Gast die Kosten f\u00fcr deren vollst\u00e4ndige Erneuerung, einschlie\u00dflich des Austauschs des T\u00fcrschlosses, \u00fcbernehmen.<\/li>\n<li><strong>Aus Sicherheitsgr\u00fcnden ist es nicht gestattet, Kinder unbeaufsichtigt im gesamten Unterkunftsbereich zu lassen.<\/strong> <strong>Eltern oder die f\u00fcr die Kinder verantwortlichen Personen sind w\u00e4hrend des gesamten Aufenthalts f\u00fcr die Kinder verantwortlich!!<\/strong><\/li>\n<li>Sportger\u00e4te oder andere Gegenst\u00e4nde d\u00fcrfen nicht in die Apartments mitgebracht werden. F\u00fcr deren Aufbewahrung stehen <strong>die<\/strong> <strong>CYKLOBOXEN<\/strong> und ein St\u00e4nder f\u00fcr Skier sowie ein Schuhtrockner im Keller zur Verf\u00fcgung. <strong>Die Akkus von E-Bikes d\u00fcrfen nur an den elektrischen Steckdosen in den Cykloboxen aufgeladen werden.<\/strong><br \/>\n<strong>Es ist VERBOTEN, die Akkus von E-Bikes in das Geb\u00e4ude zu bringen oder sie in den Apartments oder in den Gemeinschaftsbereichen der Unterkunft aufzuladen.<\/strong><\/li>\n<li>Von 22:00 bis 07:00 Uhr ist der Gast verpflichtet, die Nachtruhe einzuhalten!!! Bei grober Verletzung der Nachtruhe kann der Betreiber oder sein Vertreter den Aufenthalt des Gastes mit sofortiger Wirkung und ohne finanzielle Entsch\u00e4digung beenden.<\/li>\n<\/ol>\n<p><strong>Au\u00dfenbereich<\/strong><\/p>\n<ol start=\"18\">\n<li><strong>G\u00e4ste k\u00f6nnen den f\u00fcr \u201ekommerzielle Zwecke\u201c vorgesehenen Teil des Grundst\u00fccks nutzen \u2013 das Gel\u00e4nde auf der linken Seite des Eingangs (wenn man dem Haupteingang zugewandt steht), einschlie\u00dflich des Feuers und des Kinderspielplatzes.<\/strong> <strong>Der ZUGANG ZUM PRIVATEN TEIL DES GRUNDST\u00dcCKS, also das Grundst\u00fcck auf der rechten Seite des Eingangs (wenn man dem Haupteingang zugewandt steht), ist aus Sicherheitsgr\u00fcnden VERBOTEN.<\/strong> Das Betreten dieses privaten Bereichs erfolgt auf eigene Gefahr des Gastes. Der Betreiber \u00fcbernimmt in keinem Fall die Verantwortung f\u00fcr entstandene Sch\u00e4den.<\/li>\n<li>Feuerstelle \u2013 der Bereich im Garten, der f\u00fcr das Sitzen am offenen Feuer und Grillen vorgesehen ist:<br \/>\n\u2022 <strong>Das Feuer darf nur von Personen \u00fcber 18 Jahren entfacht werden.<br \/>\n\u2022 Das Feuer darf nicht unbeaufsichtigt von Personen \u00fcber 18 Jahren gelassen werden.<\/strong><br \/>\n\u2022 Das Feuer muss so kontrolliert werden, dass keine Gefahr f\u00fcr die umliegende Umgebung besteht (Pflanzen, W\u00e4lder, Geb\u00e4ude usw.) und keine anderen Personen gest\u00f6rt werden.<br \/>\n\u2022 An dem vorgesehenen Ort bzw. auf dem Grill d\u00fcrfen nur Holz, Holzkohle und Briketts aus Holzkohle verbrannt werden, ohne die Verwendung von Z\u00fcndmitteln.<br \/>\n\u2022 Feuer darf nicht bei ung\u00fcnstigen Wetterbedingungen entz\u00fcndet werden.<br \/>\n\u2022 <strong>Es ist verboten, Feuer an anderen Orten zu entz\u00fcnden.<\/strong><\/li>\n<li>Sportliche Aktivit\u00e4ten d\u00fcrfen im kommerziellen Bereich nur an den daf\u00fcr vorgesehenen Stellen ausge\u00fcbt werden. Alle sportlichen Aktivit\u00e4ten erfolgen auf eigene Gefahr des Gastes. Der Vermieter haftet nicht f\u00fcr Verletzungen oder Gesundheitssch\u00e4den.<\/li>\n<li>Der Kinderspielplatz darf nur in Begleitung eines Erwachsenen (Eltern, usw.) genutzt werden, unter Einhaltung der BETRIEBSORDNUNG DES KINDERSPIELPLATZES. Der Betreiber weist die G\u00e4ste darauf hin, dass Kinder nicht unbeaufsichtigt auf dem Spielplatz gelassen werden d\u00fcrfen.<\/li>\n<li><strong>Motorfahrzeuge<\/strong> sind auf dem nahegelegenen Parkplatz abzustellen. <strong>Der Parkplatz ist nicht \u00fcberwacht, daher \u00fcbernimmt der Vermieter keine Haftung f\u00fcr Verluste oder Sch\u00e4den am Fahrzeug oder an darin gelagerten Gegenst\u00e4nden.<\/strong><\/li>\n<li>Der Gast muss beim Bewegen auf dem Gel\u00e4nde der Apartm\u00e1ny H\u00c1JOVNA Vorsicht walten lassen, da es auf dem rutschigen, geneigten Grasgel\u00e4nde zu Verletzungen kommen kann. Im Winter besteht die Gefahr von Verletzungen auf Schnee und Eis. Wir empfehlen, geeignetes Schuhwerk zu tragen.<\/li>\n<li><strong>Haustiere sind in den Apartm\u00e1ny H\u00c1JOVNA NICHT erlaubt.<\/strong><\/li>\n<\/ol>\n<p><strong>\u00a0<\/strong><\/p>\n<p><strong>Sehr geehrte G\u00e4ste, wir bitten Sie, die Anweisungen in dieser Unterkunftsordnung zu befolgen. Die Festlegung dieser Bedingungen ist notwendig f\u00fcr Ihre Sicherheit und einen angenehmen Aufenthalt.<\/strong><\/p>\n<p><strong>Jeder Gast ist verpflichtet, seine Sachen so zu sichern, dass diese nicht gestohlen oder besch\u00e4digt werden, einschlie\u00dflich der Sachen, die in geparkten Fahrzeugen hinterlassen wurden. Der Betreiber der Unterkunftseinrichtung \u00fcbernimmt keine Haftung f\u00fcr eventuelle Sch\u00e4den.<\/strong><\/p>\n<p><strong>\u00a0<\/strong><\/p>\n<\/div><\/div><\/div><\/div><\/div>\n","protected":false},"excerpt":{"rendered":"","protected":false},"author":1,"featured_media":0,"parent":0,"menu_order":0,"comment_status":"closed","ping_status":"closed","template":"100-width.php","meta":{"footnotes":""},"class_list":["post-1284","page","type-page","status-publish","hentry"],"yoast_head":"<!-- This site is optimized with the Yoast SEO plugin v26.6 - https:\/\/yoast.com\/wordpress\/plugins\/seo\/ -->\n<title>Unterkunftsordnung - Apartm\u00e1ny H\u00c1JOVNA<\/title>\n<meta name=\"robots\" content=\"index, follow, max-snippet:-1, max-image-preview:large, max-video-preview:-1\" \/>\n<link rel=\"canonical\" href=\"https:\/\/apartmanyhajovna.cz\/de\/unterkunftsordnung\/\" \/>\n<meta property=\"og:locale\" content=\"de_DE\" \/>\n<meta property=\"og:type\" content=\"article\" \/>\n<meta property=\"og:title\" content=\"Unterkunftsordnung - Apartm\u00e1ny H\u00c1JOVNA\" \/>\n<meta property=\"og:url\" content=\"https:\/\/apartmanyhajovna.cz\/de\/unterkunftsordnung\/\" \/>\n<meta property=\"og:site_name\" content=\"Apartm\u00e1ny H\u00c1JOVNA\" \/>\n<meta property=\"article:modified_time\" content=\"2025-04-14T05:20:32+00:00\" \/>\n<meta name=\"twitter:card\" content=\"summary_large_image\" \/>\n<meta name=\"twitter:label1\" content=\"Gesch\u00e4tzte Lesezeit\" \/>\n\t<meta name=\"twitter:data1\" content=\"6\u00a0Minuten\" \/>\n<script type=\"application\/ld+json\" class=\"yoast-schema-graph\">{\"@context\":\"https:\/\/schema.org\",\"@graph\":[{\"@type\":\"WebPage\",\"@id\":\"https:\/\/apartmanyhajovna.cz\/de\/unterkunftsordnung\/\",\"url\":\"https:\/\/apartmanyhajovna.cz\/de\/unterkunftsordnung\/\",\"name\":\"Unterkunftsordnung - Apartm\u00e1ny H\u00c1JOVNA\",\"isPartOf\":{\"@id\":\"https:\/\/apartmanyhajovna.cz\/de\/#website\"},\"datePublished\":\"2025-03-03T14:06:48+00:00\",\"dateModified\":\"2025-04-14T05:20:32+00:00\",\"breadcrumb\":{\"@id\":\"https:\/\/apartmanyhajovna.cz\/de\/unterkunftsordnung\/#breadcrumb\"},\"inLanguage\":\"de\",\"potentialAction\":[{\"@type\":\"ReadAction\",\"target\":[\"https:\/\/apartmanyhajovna.cz\/de\/unterkunftsordnung\/\"]}]},{\"@type\":\"BreadcrumbList\",\"@id\":\"https:\/\/apartmanyhajovna.cz\/de\/unterkunftsordnung\/#breadcrumb\",\"itemListElement\":[{\"@type\":\"ListItem\",\"position\":1,\"name\":\"Home\",\"item\":\"https:\/\/apartmanyhajovna.cz\/de\/\"},{\"@type\":\"ListItem\",\"position\":2,\"name\":\"Unterkunftsordnung\"}]},{\"@type\":\"WebSite\",\"@id\":\"https:\/\/apartmanyhajovna.cz\/de\/#website\",\"url\":\"https:\/\/apartmanyhajovna.cz\/de\/\",\"name\":\"Apartm\u00e1ny H\u00c1JOVNA\",\"description\":\"v klidn\u00e9 a \u010dist\u00e9 p\u0159\u00edrod\u011b u lipensk\u00e9ho jezera\",\"potentialAction\":[{\"@type\":\"SearchAction\",\"target\":{\"@type\":\"EntryPoint\",\"urlTemplate\":\"https:\/\/apartmanyhajovna.cz\/de\/?s={search_term_string}\"},\"query-input\":{\"@type\":\"PropertyValueSpecification\",\"valueRequired\":true,\"valueName\":\"search_term_string\"}}],\"inLanguage\":\"de\"}]}<\/script>\n<!-- \/ Yoast SEO plugin. -->","yoast_head_json":{"title":"Unterkunftsordnung - Apartm\u00e1ny H\u00c1JOVNA","robots":{"index":"index","follow":"follow","max-snippet":"max-snippet:-1","max-image-preview":"max-image-preview:large","max-video-preview":"max-video-preview:-1"},"canonical":"https:\/\/apartmanyhajovna.cz\/de\/unterkunftsordnung\/","og_locale":"de_DE","og_type":"article","og_title":"Unterkunftsordnung - Apartm\u00e1ny H\u00c1JOVNA","og_url":"https:\/\/apartmanyhajovna.cz\/de\/unterkunftsordnung\/","og_site_name":"Apartm\u00e1ny H\u00c1JOVNA","article_modified_time":"2025-04-14T05:20:32+00:00","twitter_card":"summary_large_image","twitter_misc":{"Gesch\u00e4tzte Lesezeit":"6\u00a0Minuten"},"schema":{"@context":"https:\/\/schema.org","@graph":[{"@type":"WebPage","@id":"https:\/\/apartmanyhajovna.cz\/de\/unterkunftsordnung\/","url":"https:\/\/apartmanyhajovna.cz\/de\/unterkunftsordnung\/","name":"Unterkunftsordnung - Apartm\u00e1ny H\u00c1JOVNA","isPartOf":{"@id":"https:\/\/apartmanyhajovna.cz\/de\/#website"},"datePublished":"2025-03-03T14:06:48+00:00","dateModified":"2025-04-14T05:20:32+00:00","breadcrumb":{"@id":"https:\/\/apartmanyhajovna.cz\/de\/unterkunftsordnung\/#breadcrumb"},"inLanguage":"de","potentialAction":[{"@type":"ReadAction","target":["https:\/\/apartmanyhajovna.cz\/de\/unterkunftsordnung\/"]}]},{"@type":"BreadcrumbList","@id":"https:\/\/apartmanyhajovna.cz\/de\/unterkunftsordnung\/#breadcrumb","itemListElement":[{"@type":"ListItem","position":1,"name":"Home","item":"https:\/\/apartmanyhajovna.cz\/de\/"},{"@type":"ListItem","position":2,"name":"Unterkunftsordnung"}]},{"@type":"WebSite","@id":"https:\/\/apartmanyhajovna.cz\/de\/#website","url":"https:\/\/apartmanyhajovna.cz\/de\/","name":"Apartm\u00e1ny H\u00c1JOVNA","description":"v klidn\u00e9 a \u010dist\u00e9 p\u0159\u00edrod\u011b u lipensk\u00e9ho jezera","potentialAction":[{"@type":"SearchAction","target":{"@type":"EntryPoint","urlTemplate":"https:\/\/apartmanyhajovna.cz\/de\/?s={search_term_string}"},"query-input":{"@type":"PropertyValueSpecification","valueRequired":true,"valueName":"search_term_string"}}],"inLanguage":"de"}]}},"_links":{"self":[{"href":"https:\/\/apartmanyhajovna.cz\/de\/wp-json\/wp\/v2\/pages\/1284","targetHints":{"allow":["GET"]}}],"collection":[{"href":"https:\/\/apartmanyhajovna.cz\/de\/wp-json\/wp\/v2\/pages"}],"about":[{"href":"https:\/\/apartmanyhajovna.cz\/de\/wp-json\/wp\/v2\/types\/page"}],"author":[{"embeddable":true,"href":"https:\/\/apartmanyhajovna.cz\/de\/wp-json\/wp\/v2\/users\/1"}],"replies":[{"embeddable":true,"href":"https:\/\/apartmanyhajovna.cz\/de\/wp-json\/wp\/v2\/comments?post=1284"}],"version-history":[{"count":1,"href":"https:\/\/apartmanyhajovna.cz\/de\/wp-json\/wp\/v2\/pages\/1284\/revisions"}],"predecessor-version":[{"id":1285,"href":"https:\/\/apartmanyhajovna.cz\/de\/wp-json\/wp\/v2\/pages\/1284\/revisions\/1285"}],"wp:attachment":[{"href":"https:\/\/apartmanyhajovna.cz\/de\/wp-json\/wp\/v2\/media?parent=1284"}],"curies":[{"name":"wp","href":"https:\/\/api.w.org\/{rel}","templated":true}]}}