{"id":1290,"date":"2025-03-07T09:24:54","date_gmt":"2025-03-07T08:24:54","guid":{"rendered":"http:\/\/apartmanyhajovna.cz\/winter\/"},"modified":"2025-04-14T07:29:00","modified_gmt":"2025-04-14T05:29:00","slug":"winter","status":"publish","type":"page","link":"https:\/\/apartmanyhajovna.cz\/de\/winter\/","title":{"rendered":"Winter"},"content":{"rendered":"<div class=\"fusion-fullwidth fullwidth-box fusion-builder-row-1 fusion-flex-container has-pattern-background has-mask-background nonhundred-percent-fullwidth non-hundred-percent-height-scrolling\" style=\"--awb-border-radius-top-left:0px;--awb-border-radius-top-right:0px;--awb-border-radius-bottom-right:0px;--awb-border-radius-bottom-left:0px;--awb-padding-top:6rem;--awb-padding-bottom:6rem;--awb-flex-wrap:wrap;\" ><div class=\"fusion-builder-row fusion-row fusion-flex-align-items-flex-start fusion-flex-content-wrap\" style=\"max-width:1456px;margin-left: calc(-4% \/ 2 );margin-right: calc(-4% \/ 2 );\"><div class=\"fusion-layout-column fusion_builder_column fusion-builder-column-0 fusion_builder_column_1_3 1_3 fusion-flex-column fusion-flex-align-self-stretch\" style=\"--awb-padding-top:30px;--awb-padding-right:20px;--awb-padding-bottom:30px;--awb-padding-left:20px;--awb-overflow:hidden;--awb-bg-color:rgba(25,143,217,0.08);--awb-bg-color-hover:rgba(25,143,217,0.08);--awb-bg-size:cover;--awb-border-radius:20px 20px 20px 20px;--awb-width-large:33.333333333333%;--awb-margin-top-large:0px;--awb-spacing-right-large:5.76%;--awb-margin-bottom-large:60px;--awb-spacing-left-large:5.76%;--awb-width-medium:33.333333333333%;--awb-order-medium:0;--awb-spacing-right-medium:5.76%;--awb-spacing-left-medium:5.76%;--awb-width-small:100%;--awb-order-small:0;--awb-spacing-right-small:1.92%;--awb-spacing-left-small:1.92%;\" data-scroll-devices=\"small-visibility,medium-visibility,large-visibility\"><div class=\"fusion-column-wrapper fusion-column-has-shadow fusion-flex-justify-content-flex-start fusion-content-layout-column\"><div class=\"fusion-title title fusion-title-1 fusion-sep-none fusion-title-center fusion-title-text fusion-title-size-three\"><h3 class=\"fusion-title-heading title-heading-center\" style=\"margin:0;\">Skigebiet Lipno &#8211; 4 km<\/h3><\/div><div class=\"fusion-image-element \" style=\"text-align:center;--awb-aspect-ratio:3 \/ 2;--awb-caption-title-font-family:var(--h2_typography-font-family);--awb-caption-title-font-weight:var(--h2_typography-font-weight);--awb-caption-title-font-style:var(--h2_typography-font-style);--awb-caption-title-size:var(--h2_typography-font-size);--awb-caption-title-transform:var(--h2_typography-text-transform);--awb-caption-title-line-height:var(--h2_typography-line-height);--awb-caption-title-letter-spacing:var(--h2_typography-letter-spacing);\"><span class=\" fusion-imageframe imageframe-none imageframe-1 hover-type-none has-aspect-ratio\" style=\"border-radius:20px;\"><img decoding=\"async\" width=\"616\" height=\"385\" title=\"skiarea\u0301l_lipno2\" src=\"http:\/\/apartmanyhajovna.cz\/wp-content\/uploads\/2025\/03\/skiareal_lipno2.webp\" class=\"img-responsive wp-image-1075 img-with-aspect-ratio\" alt srcset=\"https:\/\/apartmanyhajovna.cz\/wp-content\/uploads\/2025\/03\/skiareal_lipno2-300x188.webp 300w, https:\/\/apartmanyhajovna.cz\/wp-content\/uploads\/2025\/03\/skiareal_lipno2.webp 616w\" sizes=\"(max-width: 640px) 100vw, 616px\" \/><\/span><\/div><div class=\"fusion-separator fusion-full-width-sep\" style=\"align-self: center;margin-left: auto;margin-right: auto;margin-bottom:20px;width:100%;\"><\/div><div style=\"text-align:center;\"><a class=\"fusion-button button-flat fusion-button-default-size button-default fusion-button-default button-1 fusion-button-default-span fusion-button-default-type\" style=\"--button_margin-top:24px;\" target=\"_blank\" rel=\"noopener noreferrer\" href=\"https:\/\/www.lipno.info\/\"><span class=\"fusion-button-text\">Mehr Informationen<\/span><\/a><\/div><\/div><\/div><div class=\"fusion-layout-column fusion_builder_column fusion-builder-column-1 fusion_builder_column_1_3 1_3 fusion-flex-column fusion-flex-align-self-stretch\" style=\"--awb-padding-top:30px;--awb-padding-right:20px;--awb-padding-bottom:30px;--awb-padding-left:20px;--awb-overflow:hidden;--awb-bg-color:rgba(25,143,217,0.08);--awb-bg-color-hover:rgba(25,143,217,0.08);--awb-bg-size:cover;--awb-border-radius:20px 20px 20px 20px;--awb-width-large:33.333333333333%;--awb-margin-top-large:0px;--awb-spacing-right-large:5.76%;--awb-margin-bottom-large:60px;--awb-spacing-left-large:5.76%;--awb-width-medium:33.333333333333%;--awb-order-medium:0;--awb-spacing-right-medium:5.76%;--awb-spacing-left-medium:5.76%;--awb-width-small:100%;--awb-order-small:0;--awb-spacing-right-small:1.92%;--awb-spacing-left-small:1.92%;\" data-scroll-devices=\"small-visibility,medium-visibility,large-visibility\"><div class=\"fusion-column-wrapper fusion-column-has-shadow fusion-flex-justify-content-flex-start fusion-content-layout-column\"><div class=\"fusion-title title fusion-title-2 fusion-sep-none fusion-title-center fusion-title-text fusion-title-size-three\"><h3 class=\"fusion-title-heading title-heading-center\" style=\"margin:0;\">Skigebiet Sternstein &#8211; 24 km<\/h3><\/div><div class=\"fusion-image-element \" style=\"text-align:center;--awb-aspect-ratio:3 \/ 2;--awb-caption-title-font-family:var(--h2_typography-font-family);--awb-caption-title-font-weight:var(--h2_typography-font-weight);--awb-caption-title-font-style:var(--h2_typography-font-style);--awb-caption-title-size:var(--h2_typography-font-size);--awb-caption-title-transform:var(--h2_typography-text-transform);--awb-caption-title-line-height:var(--h2_typography-line-height);--awb-caption-title-letter-spacing:var(--h2_typography-letter-spacing);\"><span class=\" fusion-imageframe imageframe-none imageframe-2 hover-type-none has-aspect-ratio\" style=\"border-radius:20px;\"><img decoding=\"async\" width=\"1500\" height=\"1000\" title=\"Sternstein-2017-4\" src=\"http:\/\/apartmanyhajovna.cz\/wp-content\/uploads\/2025\/03\/Sternstein-2017-4.jpg\" class=\"img-responsive wp-image-1077 img-with-aspect-ratio\" alt srcset=\"https:\/\/apartmanyhajovna.cz\/wp-content\/uploads\/2025\/03\/Sternstein-2017-4-300x200.jpg 300w, https:\/\/apartmanyhajovna.cz\/wp-content\/uploads\/2025\/03\/Sternstein-2017-4-768x512.jpg 768w, https:\/\/apartmanyhajovna.cz\/wp-content\/uploads\/2025\/03\/Sternstein-2017-4-1024x683.jpg 1024w, https:\/\/apartmanyhajovna.cz\/wp-content\/uploads\/2025\/03\/Sternstein-2017-4.jpg 1500w\" sizes=\"(max-width: 1500px) 100vw, 1500px\" \/><\/span><\/div><div class=\"fusion-separator fusion-full-width-sep\" style=\"align-self: center;margin-left: auto;margin-right: auto;margin-bottom:20px;width:100%;\"><\/div><div style=\"text-align:center;\"><a class=\"fusion-button button-flat fusion-button-default-size button-default fusion-button-default button-2 fusion-button-default-span fusion-button-default-type\" style=\"--button_margin-top:24px;\" target=\"_blank\" rel=\"noopener noreferrer\" href=\"https:\/\/sternstein.at\/cs\/homepage-cz\/\"><span class=\"fusion-button-text\">Mehr Informationen<\/span><\/a><\/div><\/div><\/div><div class=\"fusion-layout-column fusion_builder_column fusion-builder-column-2 fusion_builder_column_1_3 1_3 fusion-flex-column fusion-flex-align-self-stretch\" style=\"--awb-padding-top:30px;--awb-padding-right:20px;--awb-padding-bottom:30px;--awb-padding-left:20px;--awb-overflow:hidden;--awb-bg-color:rgba(25,143,217,0.08);--awb-bg-color-hover:rgba(25,143,217,0.08);--awb-bg-size:cover;--awb-border-radius:20px 20px 20px 20px;--awb-width-large:33.333333333333%;--awb-margin-top-large:0px;--awb-spacing-right-large:5.76%;--awb-margin-bottom-large:60px;--awb-spacing-left-large:5.76%;--awb-width-medium:33.333333333333%;--awb-order-medium:0;--awb-spacing-right-medium:5.76%;--awb-spacing-left-medium:5.76%;--awb-width-small:100%;--awb-order-small:0;--awb-spacing-right-small:1.92%;--awb-spacing-left-small:1.92%;\" data-scroll-devices=\"small-visibility,medium-visibility,large-visibility\"><div class=\"fusion-column-wrapper fusion-column-has-shadow fusion-flex-justify-content-flex-start fusion-content-layout-column\"><div class=\"fusion-title title fusion-title-3 fusion-sep-none fusion-title-center fusion-title-text fusion-title-size-three\"><h3 class=\"fusion-title-heading title-heading-center\" style=\"margin:0;\">Skigebiet Hochficht &#8211; 39 km<\/h3><\/div><div class=\"fusion-image-element \" style=\"text-align:center;--awb-aspect-ratio:3 \/ 2;--awb-caption-title-font-family:var(--h2_typography-font-family);--awb-caption-title-font-weight:var(--h2_typography-font-weight);--awb-caption-title-font-style:var(--h2_typography-font-style);--awb-caption-title-size:var(--h2_typography-font-size);--awb-caption-title-transform:var(--h2_typography-text-transform);--awb-caption-title-line-height:var(--h2_typography-line-height);--awb-caption-title-letter-spacing:var(--h2_typography-letter-spacing);\"><span class=\" fusion-imageframe imageframe-none imageframe-3 hover-type-none has-aspect-ratio\" style=\"border-radius:20px;\"><img decoding=\"async\" width=\"1200\" height=\"800\" title=\"IMG_0044\" src=\"http:\/\/apartmanyhajovna.cz\/wp-content\/uploads\/2025\/03\/IMG_0044.jpg\" class=\"img-responsive wp-image-1079 img-with-aspect-ratio\" alt srcset=\"https:\/\/apartmanyhajovna.cz\/wp-content\/uploads\/2025\/03\/IMG_0044-300x200.jpg 300w, https:\/\/apartmanyhajovna.cz\/wp-content\/uploads\/2025\/03\/IMG_0044-768x512.jpg 768w, https:\/\/apartmanyhajovna.cz\/wp-content\/uploads\/2025\/03\/IMG_0044-1024x683.jpg 1024w, https:\/\/apartmanyhajovna.cz\/wp-content\/uploads\/2025\/03\/IMG_0044.jpg 1200w\" sizes=\"(max-width: 1200px) 100vw, 1200px\" \/><\/span><\/div><div class=\"fusion-separator fusion-full-width-sep\" style=\"align-self: center;margin-left: auto;margin-right: auto;margin-bottom:20px;width:100%;\"><\/div><div style=\"text-align:center;\"><a class=\"fusion-button button-flat fusion-button-default-size button-default fusion-button-default button-3 fusion-button-default-span fusion-button-default-type\" style=\"--button_margin-top:24px;\" target=\"_blank\" rel=\"noopener noreferrer\" href=\"https:\/\/www.hochficht.cz\/\"><span class=\"fusion-button-text\">Mehr Informationen<\/span><\/a><\/div><\/div><\/div><div class=\"fusion-layout-column fusion_builder_column fusion-builder-column-3 fusion_builder_column_1_3 1_3 fusion-flex-column fusion-flex-align-self-stretch\" style=\"--awb-padding-top:30px;--awb-padding-right:20px;--awb-padding-bottom:30px;--awb-padding-left:20px;--awb-overflow:hidden;--awb-bg-color:rgba(25,143,217,0.08);--awb-bg-color-hover:rgba(25,143,217,0.08);--awb-bg-size:cover;--awb-border-radius:20px 20px 20px 20px;--awb-width-large:33.333333333333%;--awb-margin-top-large:0px;--awb-spacing-right-large:5.76%;--awb-margin-bottom-large:60px;--awb-spacing-left-large:5.76%;--awb-width-medium:33.333333333333%;--awb-order-medium:0;--awb-spacing-right-medium:5.76%;--awb-spacing-left-medium:5.76%;--awb-width-small:100%;--awb-order-small:0;--awb-spacing-right-small:1.92%;--awb-spacing-left-small:1.92%;\" data-scroll-devices=\"small-visibility,medium-visibility,large-visibility\"><div class=\"fusion-column-wrapper fusion-column-has-shadow fusion-flex-justify-content-flex-start fusion-content-layout-column\"><div class=\"fusion-title title fusion-title-4 fusion-sep-none fusion-title-center fusion-title-text fusion-title-size-three\"><h3 class=\"fusion-title-heading title-heading-center\" style=\"margin:0;\">Skipark Frymburk &#8211; 10 km<\/h3><\/div><div class=\"fusion-image-element \" style=\"text-align:center;--awb-aspect-ratio:3 \/ 2;--awb-caption-title-font-family:var(--h2_typography-font-family);--awb-caption-title-font-weight:var(--h2_typography-font-weight);--awb-caption-title-font-style:var(--h2_typography-font-style);--awb-caption-title-size:var(--h2_typography-font-size);--awb-caption-title-transform:var(--h2_typography-text-transform);--awb-caption-title-line-height:var(--h2_typography-line-height);--awb-caption-title-letter-spacing:var(--h2_typography-letter-spacing);\"><span class=\" fusion-imageframe imageframe-none imageframe-4 hover-type-none has-aspect-ratio\" style=\"border-radius:20px;\"><img decoding=\"async\" width=\"600\" height=\"600\" title=\"zima-img-02\" src=\"http:\/\/apartmanyhajovna.cz\/wp-content\/uploads\/2025\/03\/zima-img-02.jpg\" class=\"img-responsive wp-image-1081 img-with-aspect-ratio\" alt srcset=\"https:\/\/apartmanyhajovna.cz\/wp-content\/uploads\/2025\/03\/zima-img-02-66x66.jpg 66w, https:\/\/apartmanyhajovna.cz\/wp-content\/uploads\/2025\/03\/zima-img-02-150x150.jpg 150w, https:\/\/apartmanyhajovna.cz\/wp-content\/uploads\/2025\/03\/zima-img-02-300x300.jpg 300w, https:\/\/apartmanyhajovna.cz\/wp-content\/uploads\/2025\/03\/zima-img-02.jpg 600w\" sizes=\"(max-width: 600px) 100vw, 600px\" \/><\/span><\/div><div class=\"fusion-separator fusion-full-width-sep\" style=\"align-self: center;margin-left: auto;margin-right: auto;margin-bottom:20px;width:100%;\"><\/div><div style=\"text-align:center;\"><a class=\"fusion-button button-flat fusion-button-default-size button-default fusion-button-default button-4 fusion-button-default-span fusion-button-default-type\" style=\"--button_margin-top:24px;\" target=\"_blank\" rel=\"noopener noreferrer\" href=\"https:\/\/www.parkfrymburk.cz\/cz\/\"><span class=\"fusion-button-text\">Mehr Informationen<\/span><\/a><\/div><\/div><\/div><div class=\"fusion-layout-column fusion_builder_column fusion-builder-column-4 fusion_builder_column_1_3 1_3 fusion-flex-column fusion-flex-align-self-stretch\" style=\"--awb-padding-top:30px;--awb-padding-right:20px;--awb-padding-bottom:30px;--awb-padding-left:20px;--awb-overflow:hidden;--awb-bg-color:rgba(25,143,217,0.08);--awb-bg-color-hover:rgba(25,143,217,0.08);--awb-bg-size:cover;--awb-border-radius:20px 20px 20px 20px;--awb-width-large:33.333333333333%;--awb-margin-top-large:0px;--awb-spacing-right-large:5.76%;--awb-margin-bottom-large:60px;--awb-spacing-left-large:5.76%;--awb-width-medium:33.333333333333%;--awb-order-medium:0;--awb-spacing-right-medium:5.76%;--awb-spacing-left-medium:5.76%;--awb-width-small:100%;--awb-order-small:0;--awb-spacing-right-small:1.92%;--awb-spacing-left-small:1.92%;\" data-scroll-devices=\"small-visibility,medium-visibility,large-visibility\"><div class=\"fusion-column-wrapper fusion-column-has-shadow fusion-flex-justify-content-flex-start fusion-content-layout-column\"><div class=\"fusion-title title fusion-title-5 fusion-sep-none fusion-title-center fusion-title-text fusion-title-size-three\"><h3 class=\"fusion-title-heading title-heading-center\" style=\"margin:0;\">Langlauf Sch\u00f6neben (\u00d6sterreich)<\/h3><\/div><div class=\"fusion-image-element \" style=\"text-align:center;--awb-aspect-ratio:3 \/ 2;--awb-caption-title-font-family:var(--h2_typography-font-family);--awb-caption-title-font-weight:var(--h2_typography-font-weight);--awb-caption-title-font-style:var(--h2_typography-font-style);--awb-caption-title-size:var(--h2_typography-font-size);--awb-caption-title-transform:var(--h2_typography-text-transform);--awb-caption-title-line-height:var(--h2_typography-line-height);--awb-caption-title-letter-spacing:var(--h2_typography-letter-spacing);\"><span class=\" fusion-imageframe imageframe-none imageframe-5 hover-type-none has-aspect-ratio\" style=\"border-radius:20px;\"><img decoding=\"async\" width=\"1587\" height=\"1123\" title=\"map-schoneben\" src=\"http:\/\/apartmanyhajovna.cz\/wp-content\/uploads\/2025\/03\/map-schoneben.jpeg\" class=\"img-responsive wp-image-1097 img-with-aspect-ratio\" alt srcset=\"https:\/\/apartmanyhajovna.cz\/wp-content\/uploads\/2025\/03\/map-schoneben-300x212.jpeg 300w, https:\/\/apartmanyhajovna.cz\/wp-content\/uploads\/2025\/03\/map-schoneben-768x543.jpeg 768w, https:\/\/apartmanyhajovna.cz\/wp-content\/uploads\/2025\/03\/map-schoneben-1024x725.jpeg 1024w, https:\/\/apartmanyhajovna.cz\/wp-content\/uploads\/2025\/03\/map-schoneben.jpeg 1587w\" sizes=\"(max-width: 1587px) 100vw, 1587px\" \/><\/span><\/div><div class=\"fusion-separator fusion-full-width-sep\" style=\"align-self: center;margin-left: auto;margin-right: auto;margin-bottom:20px;width:100%;\"><\/div><div style=\"text-align:center;\"><a class=\"fusion-button button-flat fusion-button-default-size button-default fusion-button-default button-5 fusion-button-default-span fusion-button-default-type\" style=\"--button_margin-top:24px;\" target=\"_blank\" rel=\"noopener noreferrer\" href=\"https:\/\/www.schoeneben.at\/cs\/bezky-schoeneben\/\"><span class=\"fusion-button-text\">Mehr Informationen<\/span><\/a><\/div><\/div><\/div><div class=\"fusion-layout-column fusion_builder_column fusion-builder-column-5 fusion_builder_column_1_3 1_3 fusion-flex-column fusion-flex-align-self-stretch\" style=\"--awb-padding-top:30px;--awb-padding-right:20px;--awb-padding-bottom:30px;--awb-padding-left:20px;--awb-overflow:hidden;--awb-bg-color:rgba(25,143,217,0.08);--awb-bg-color-hover:rgba(25,143,217,0.08);--awb-bg-size:cover;--awb-border-radius:20px 20px 20px 20px;--awb-width-large:33.333333333333%;--awb-margin-top-large:0px;--awb-spacing-right-large:5.76%;--awb-margin-bottom-large:60px;--awb-spacing-left-large:5.76%;--awb-width-medium:33.333333333333%;--awb-order-medium:0;--awb-spacing-right-medium:5.76%;--awb-spacing-left-medium:5.76%;--awb-width-small:100%;--awb-order-small:0;--awb-spacing-right-small:1.92%;--awb-spacing-left-small:1.92%;\" data-scroll-devices=\"small-visibility,medium-visibility,large-visibility\"><div class=\"fusion-column-wrapper fusion-column-has-shadow fusion-flex-justify-content-flex-start fusion-content-layout-column\"><div class=\"fusion-title title fusion-title-6 fusion-sep-none fusion-title-center fusion-title-text fusion-title-size-three\"><h3 class=\"fusion-title-heading title-heading-center\" style=\"margin:0;\">Eislaufbahn am See<\/h3><\/div><div class=\"fusion-image-element \" style=\"text-align:center;--awb-aspect-ratio:3 \/ 2;--awb-caption-title-font-family:var(--h2_typography-font-family);--awb-caption-title-font-weight:var(--h2_typography-font-weight);--awb-caption-title-font-style:var(--h2_typography-font-style);--awb-caption-title-size:var(--h2_typography-font-size);--awb-caption-title-transform:var(--h2_typography-text-transform);--awb-caption-title-line-height:var(--h2_typography-line-height);--awb-caption-title-letter-spacing:var(--h2_typography-letter-spacing);\"><span class=\" fusion-imageframe imageframe-none imageframe-6 hover-type-none has-aspect-ratio\" style=\"border-radius:20px;\"><img decoding=\"async\" width=\"1200\" height=\"400\" title=\"header00\" src=\"http:\/\/apartmanyhajovna.cz\/wp-content\/uploads\/2025\/03\/header00.jpg\" class=\"img-responsive wp-image-1083 img-with-aspect-ratio\" alt srcset=\"https:\/\/apartmanyhajovna.cz\/wp-content\/uploads\/2025\/03\/header00-300x100.jpg 300w, https:\/\/apartmanyhajovna.cz\/wp-content\/uploads\/2025\/03\/header00-768x256.jpg 768w, https:\/\/apartmanyhajovna.cz\/wp-content\/uploads\/2025\/03\/header00-1024x341.jpg 1024w, https:\/\/apartmanyhajovna.cz\/wp-content\/uploads\/2025\/03\/header00.jpg 1200w\" sizes=\"(max-width: 1200px) 100vw, 1200px\" \/><\/span><\/div><div class=\"fusion-separator fusion-full-width-sep\" style=\"align-self: center;margin-left: auto;margin-right: auto;margin-bottom:20px;width:100%;\"><\/div><div style=\"text-align:center;\"><a class=\"fusion-button button-flat fusion-button-default-size button-default fusion-button-default button-6 fusion-button-default-span fusion-button-default-type\" style=\"--button_margin-top:24px;\" target=\"_blank\" rel=\"noopener noreferrer\" href=\"https:\/\/ledovamagistrala.cz\/\"><span class=\"fusion-button-text\">Mehr Informationen<\/span><\/a><\/div><\/div><\/div><\/div><\/div>\n","protected":false},"excerpt":{"rendered":"","protected":false},"author":1,"featured_media":0,"parent":0,"menu_order":0,"comment_status":"closed","ping_status":"closed","template":"100-width.php","meta":{"footnotes":""},"class_list":["post-1290","page","type-page","status-publish","hentry"],"yoast_head":"<!-- This site is optimized with the Yoast SEO plugin v26.6 - https:\/\/yoast.com\/wordpress\/plugins\/seo\/ -->\n<title>Winter - Apartm\u00e1ny H\u00c1JOVNA<\/title>\n<meta name=\"robots\" content=\"index, follow, max-snippet:-1, max-image-preview:large, max-video-preview:-1\" \/>\n<link rel=\"canonical\" href=\"https:\/\/apartmanyhajovna.cz\/de\/winter\/\" \/>\n<meta property=\"og:locale\" content=\"de_DE\" \/>\n<meta property=\"og:type\" content=\"article\" \/>\n<meta property=\"og:title\" content=\"Winter - Apartm\u00e1ny H\u00c1JOVNA\" \/>\n<meta property=\"og:url\" content=\"https:\/\/apartmanyhajovna.cz\/de\/winter\/\" \/>\n<meta property=\"og:site_name\" content=\"Apartm\u00e1ny H\u00c1JOVNA\" \/>\n<meta property=\"article:modified_time\" content=\"2025-04-14T05:29:00+00:00\" \/>\n<meta name=\"twitter:card\" content=\"summary_large_image\" \/>\n<meta name=\"twitter:label1\" content=\"Gesch\u00e4tzte Lesezeit\" \/>\n\t<meta name=\"twitter:data1\" content=\"40\u00a0Minuten\" \/>\n<script type=\"application\/ld+json\" class=\"yoast-schema-graph\">{\"@context\":\"https:\/\/schema.org\",\"@graph\":[{\"@type\":\"WebPage\",\"@id\":\"https:\/\/apartmanyhajovna.cz\/de\/winter\/\",\"url\":\"https:\/\/apartmanyhajovna.cz\/de\/winter\/\",\"name\":\"Winter - Apartm\u00e1ny H\u00c1JOVNA\",\"isPartOf\":{\"@id\":\"https:\/\/apartmanyhajovna.cz\/de\/#website\"},\"datePublished\":\"2025-03-07T08:24:54+00:00\",\"dateModified\":\"2025-04-14T05:29:00+00:00\",\"breadcrumb\":{\"@id\":\"https:\/\/apartmanyhajovna.cz\/de\/winter\/#breadcrumb\"},\"inLanguage\":\"de\",\"potentialAction\":[{\"@type\":\"ReadAction\",\"target\":[\"https:\/\/apartmanyhajovna.cz\/de\/winter\/\"]}]},{\"@type\":\"BreadcrumbList\",\"@id\":\"https:\/\/apartmanyhajovna.cz\/de\/winter\/#breadcrumb\",\"itemListElement\":[{\"@type\":\"ListItem\",\"position\":1,\"name\":\"Home\",\"item\":\"https:\/\/apartmanyhajovna.cz\/de\/\"},{\"@type\":\"ListItem\",\"position\":2,\"name\":\"Winter\"}]},{\"@type\":\"WebSite\",\"@id\":\"https:\/\/apartmanyhajovna.cz\/de\/#website\",\"url\":\"https:\/\/apartmanyhajovna.cz\/de\/\",\"name\":\"Apartm\u00e1ny H\u00c1JOVNA\",\"description\":\"v klidn\u00e9 a \u010dist\u00e9 p\u0159\u00edrod\u011b u lipensk\u00e9ho jezera\",\"potentialAction\":[{\"@type\":\"SearchAction\",\"target\":{\"@type\":\"EntryPoint\",\"urlTemplate\":\"https:\/\/apartmanyhajovna.cz\/de\/?s={search_term_string}\"},\"query-input\":{\"@type\":\"PropertyValueSpecification\",\"valueRequired\":true,\"valueName\":\"search_term_string\"}}],\"inLanguage\":\"de\"}]}<\/script>\n<!-- \/ Yoast SEO plugin. -->","yoast_head_json":{"title":"Winter - Apartm\u00e1ny H\u00c1JOVNA","robots":{"index":"index","follow":"follow","max-snippet":"max-snippet:-1","max-image-preview":"max-image-preview:large","max-video-preview":"max-video-preview:-1"},"canonical":"https:\/\/apartmanyhajovna.cz\/de\/winter\/","og_locale":"de_DE","og_type":"article","og_title":"Winter - Apartm\u00e1ny H\u00c1JOVNA","og_url":"https:\/\/apartmanyhajovna.cz\/de\/winter\/","og_site_name":"Apartm\u00e1ny H\u00c1JOVNA","article_modified_time":"2025-04-14T05:29:00+00:00","twitter_card":"summary_large_image","twitter_misc":{"Gesch\u00e4tzte Lesezeit":"40\u00a0Minuten"},"schema":{"@context":"https:\/\/schema.org","@graph":[{"@type":"WebPage","@id":"https:\/\/apartmanyhajovna.cz\/de\/winter\/","url":"https:\/\/apartmanyhajovna.cz\/de\/winter\/","name":"Winter - Apartm\u00e1ny H\u00c1JOVNA","isPartOf":{"@id":"https:\/\/apartmanyhajovna.cz\/de\/#website"},"datePublished":"2025-03-07T08:24:54+00:00","dateModified":"2025-04-14T05:29:00+00:00","breadcrumb":{"@id":"https:\/\/apartmanyhajovna.cz\/de\/winter\/#breadcrumb"},"inLanguage":"de","potentialAction":[{"@type":"ReadAction","target":["https:\/\/apartmanyhajovna.cz\/de\/winter\/"]}]},{"@type":"BreadcrumbList","@id":"https:\/\/apartmanyhajovna.cz\/de\/winter\/#breadcrumb","itemListElement":[{"@type":"ListItem","position":1,"name":"Home","item":"https:\/\/apartmanyhajovna.cz\/de\/"},{"@type":"ListItem","position":2,"name":"Winter"}]},{"@type":"WebSite","@id":"https:\/\/apartmanyhajovna.cz\/de\/#website","url":"https:\/\/apartmanyhajovna.cz\/de\/","name":"Apartm\u00e1ny H\u00c1JOVNA","description":"v klidn\u00e9 a \u010dist\u00e9 p\u0159\u00edrod\u011b u lipensk\u00e9ho jezera","potentialAction":[{"@type":"SearchAction","target":{"@type":"EntryPoint","urlTemplate":"https:\/\/apartmanyhajovna.cz\/de\/?s={search_term_string}"},"query-input":{"@type":"PropertyValueSpecification","valueRequired":true,"valueName":"search_term_string"}}],"inLanguage":"de"}]}},"_links":{"self":[{"href":"https:\/\/apartmanyhajovna.cz\/de\/wp-json\/wp\/v2\/pages\/1290","targetHints":{"allow":["GET"]}}],"collection":[{"href":"https:\/\/apartmanyhajovna.cz\/de\/wp-json\/wp\/v2\/pages"}],"about":[{"href":"https:\/\/apartmanyhajovna.cz\/de\/wp-json\/wp\/v2\/types\/page"}],"author":[{"embeddable":true,"href":"https:\/\/apartmanyhajovna.cz\/de\/wp-json\/wp\/v2\/users\/1"}],"replies":[{"embeddable":true,"href":"https:\/\/apartmanyhajovna.cz\/de\/wp-json\/wp\/v2\/comments?post=1290"}],"version-history":[{"count":2,"href":"https:\/\/apartmanyhajovna.cz\/de\/wp-json\/wp\/v2\/pages\/1290\/revisions"}],"predecessor-version":[{"id":1292,"href":"https:\/\/apartmanyhajovna.cz\/de\/wp-json\/wp\/v2\/pages\/1290\/revisions\/1292"}],"wp:attachment":[{"href":"https:\/\/apartmanyhajovna.cz\/de\/wp-json\/wp\/v2\/media?parent=1290"}],"curies":[{"name":"wp","href":"https:\/\/api.w.org\/{rel}","templated":true}]}}